{"id":353,"date":"2025-09-05T13:52:02","date_gmt":"2025-09-05T11:52:02","guid":{"rendered":"https:\/\/muenchner-stubn.de\/about-us\/"},"modified":"2025-09-05T17:14:26","modified_gmt":"2025-09-05T15:14:26","slug":"about-us","status":"publish","type":"page","link":"https:\/\/muenchner-stubn.de\/en\/tavern\/about-us\/","title":{"rendered":"About us"},"content":{"rendered":"\t\t<div data-elementor-type=\"wp-page\" data-elementor-id=\"353\" class=\"elementor elementor-353 elementor-128\" data-elementor-post-type=\"page\">\n\t\t\t\t\t\t<section class=\"elementor-section elementor-top-section elementor-element elementor-element-2e44b8fa elementor-section-boxed elementor-section-height-default elementor-section-height-default\" data-id=\"2e44b8fa\" data-element_type=\"section\" data-e-type=\"section\">\n\t\t\t\t\t\t<div class=\"elementor-container elementor-column-gap-default\">\n\t\t\t\t\t<div class=\"elementor-column elementor-col-100 elementor-top-column elementor-element elementor-element-4d46cb19\" data-id=\"4d46cb19\" data-element_type=\"column\" data-e-type=\"column\">\n\t\t\t<div class=\"elementor-widget-wrap elementor-element-populated\">\n\t\t\t\t\t\t<div class=\"elementor-element elementor-element-25e096bd elementor-widget elementor-widget-image\" data-id=\"25e096bd\" data-element_type=\"widget\" data-e-type=\"widget\" data-widget_type=\"image.default\">\n\t\t\t\t<div class=\"elementor-widget-container\">\n\t\t\t\t\t\t\t\t\t\t\t\t\t\t\t<img decoding=\"async\" width=\"543\" height=\"16\" src=\"https:\/\/muenchner-stubn.de\/wp-content\/uploads\/2025\/09\/Trenner.svg\" class=\"attachment-full size-full wp-image-264\" alt=\"\" \/>\t\t\t\t\t\t\t\t\t\t\t\t\t\t\t<\/div>\n\t\t\t\t<\/div>\n\t\t\t\t<div class=\"elementor-element elementor-element-1c77425e elementor-widget elementor-widget-heading\" data-id=\"1c77425e\" data-element_type=\"widget\" data-e-type=\"widget\" data-widget_type=\"heading.default\">\n\t\t\t\t<div class=\"elementor-widget-container\">\n\t\t\t\t\t<h2 class=\"elementor-heading-title elementor-size-default\">Life, in good Bavarian<\/h2>\t\t\t\t<\/div>\n\t\t\t\t<\/div>\n\t\t\t\t<div class=\"elementor-element elementor-element-88eeaf7 elementor-widget elementor-widget-text-editor\" data-id=\"88eeaf7\" data-element_type=\"widget\" data-e-type=\"widget\" data-widget_type=\"text-editor.default\">\n\t\t\t\t<div class=\"elementor-widget-container\">\n\t\t\t\t\t\t\t\t\t<p>So that you know who you&#8217;re dealing with, we&#8217;d like to say &#8220;Gr\u00fc\u00df Gott &amp; Hallo&#8221;: We are Kathrin Wickenh\u00e4user-Egger and Alexander Egger &#8211; two real M\u00fcnchner Kindl, whose hearts have always beaten for the small and big charms of our unique city. With the M\u00fcnchner Stubn, we have realized a long-awaited dream. <\/p><p>Our idea was actually quite simple: at a place where people from all over the world set foot on Munich soil, some perhaps for the very first time &#8211; that&#8217;s exactly where we want to spread our arms, so to speak, and show what genuine Bavarian hospitality means. And what better way to do that than with a crispy roast at a rustic wooden table and a pint of beer straight from the wooden barrel? Yes, &#8230; and sometimes a couple of really fresh Wei\u00dfw\u00fcrscht&#8217; say more than a thousand words.  <\/p><p>It&#8217;s no coincidence that the M\u00fcnchner Stubn has drawn us to the southern Bahnhofsviertel: the Wickenh\u00e4user family has been doing business there for over 100 years, first with the sale of cars and as a successful family in motor racing, for 30 years with the Hotel Cristal in Schwanthalerstra\u00dfe and for 10 years with the Hotel Dolomit in Goethestra\u00dfe.<br>Let yourself be seduced by Munich&#8217;s charm under a white-blue sky. And of our fine delicacies, which are always worth a visit. <\/p>\t\t\t\t\t\t\t\t<\/div>\n\t\t\t\t<\/div>\n\t\t\t\t<div class=\"elementor-element elementor-element-1c243a2c elementor-widget elementor-widget-image\" data-id=\"1c243a2c\" data-element_type=\"widget\" data-e-type=\"widget\" data-widget_type=\"image.default\">\n\t\t\t\t<div class=\"elementor-widget-container\">\n\t\t\t\t\t\t\t\t\t\t\t\t\t\t\t<img fetchpriority=\"high\" decoding=\"async\" width=\"1000\" height=\"668\" src=\"https:\/\/muenchner-stubn.de\/wp-content\/uploads\/2025\/09\/muenchner-stubn-wirtsleute.jpg\" class=\"attachment-full size-full wp-image-289\" alt=\"\" srcset=\"https:\/\/muenchner-stubn.de\/wp-content\/uploads\/2025\/09\/muenchner-stubn-wirtsleute.jpg 1000w, https:\/\/muenchner-stubn.de\/wp-content\/uploads\/2025\/09\/muenchner-stubn-wirtsleute-300x200.jpg 300w, https:\/\/muenchner-stubn.de\/wp-content\/uploads\/2025\/09\/muenchner-stubn-wirtsleute-768x513.jpg 768w\" sizes=\"(max-width: 1000px) 100vw, 1000px\" \/>\t\t\t\t\t\t\t\t\t\t\t\t\t\t\t<\/div>\n\t\t\t\t<\/div>\n\t\t\t\t<div class=\"elementor-element elementor-element-31f71705 elementor-widget elementor-widget-heading\" data-id=\"31f71705\" data-element_type=\"widget\" data-e-type=\"widget\" data-widget_type=\"heading.default\">\n\t\t\t\t<div class=\"elementor-widget-container\">\n\t\t\t\t\t<h2 class=\"elementor-heading-title elementor-size-default\">Kathrin Wickenh\u00e4user-Egger<\/h2>\t\t\t\t<\/div>\n\t\t\t\t<\/div>\n\t\t\t\t<div class=\"elementor-element elementor-element-2fe832ba elementor-widget elementor-widget-text-editor\" data-id=\"2fe832ba\" data-element_type=\"widget\" data-e-type=\"widget\" data-widget_type=\"text-editor.default\">\n\t\t\t\t<div class=\"elementor-widget-container\">\n\t\t\t\t\t\t\t\t\t<p>Kathrin Wickenh\u00e4user-Egger, born in Munich in 1979, studied sociology at the Ludwig-Maximilians-Universit\u00e4t in Munich and graduated with a degree in &#8220;Success factors for the cross-generational transfer of family businesses&#8221;.<br><br>In 2008, she also received her MBA for company founders and successors from the Deggendorf University of Applied Sciences.<br><br>As the daughter of well-known Munich hotelier parents, she already gained extensive experience in this industry during her studies &#8211; including at renowned hotels such as the Raffles Hotel Vier Jahreszeiten and the Kempinski Hotel Atlantic in Hamburg.<br><br>In 2006, she began her professional career at her parents&#8217; company &#8211; Cristal Hotel Betriebsgesellschaft mbH. She began in the position of Marketing and Sales Manager, then Marketing Director. Kathrin Wickenh\u00e4user has been a managing partner of the company since 2008.  <\/p><p>In 2012, she founded Wickenh\u00e4user &amp; Egger AG together with Alexander Egger. Since then, they have jointly run the Hotel Cristal, the Hotel Dolomit, the CarPark Cristal and the 1912 Restaurant &amp; Bar &#8211; all located in the vicinity of Munich Central Station. They are represented at street festivals such as Christopher Street Day and Hans Sachs with the Scharfe Bude, at Winter Tollwood with the &#8220;We love Brezn&#8221; stand and at the Wiesn with the &#8220;Brezn Kathl&#8221;. Since August 2015, they have also been running the &#8220;M\u00fcnchner Stubn&#8221; pub together.   <br><br>In addition to her professional activities in the hotel and catering industry, Kathrin Wickenh\u00e4user is also heavily involved in voluntary work. For example, she serves as Vice President of the Chamber of Industry and Commerce for Munich and Upper Bavaria, as a Bavarian training ambassador and as a commercial judge. She is also a member of the Education Committee and Tourism Committee of the Chamber of Industry and Commerce for Munich and Upper Bavaria, the board of the Association of Self-Employed People in Munich and the board of the young entrepreneurs on the Economic Advisory Board.  <br><br>Kathrin Wickenh\u00e4user is also involved in the tourism committee of the Bavarian Economic Advisory Council and the Chamber of Industry and Commerce and organizes guided tours of the district as part of the Munich Adult Education Centre.<\/p>\t\t\t\t\t\t\t\t<\/div>\n\t\t\t\t<\/div>\n\t\t\t\t<div class=\"elementor-element elementor-element-62ab7708 elementor-widget elementor-widget-heading\" data-id=\"62ab7708\" data-element_type=\"widget\" data-e-type=\"widget\" data-widget_type=\"heading.default\">\n\t\t\t\t<div class=\"elementor-widget-container\">\n\t\t\t\t\t<h2 class=\"elementor-heading-title elementor-size-default\">Alexander Maximilian Egger<\/h2>\t\t\t\t<\/div>\n\t\t\t\t<\/div>\n\t\t\t\t<div class=\"elementor-element elementor-element-56865f9 elementor-widget elementor-widget-text-editor\" data-id=\"56865f9\" data-element_type=\"widget\" data-e-type=\"widget\" data-widget_type=\"text-editor.default\">\n\t\t\t\t<div class=\"elementor-widget-container\">\n\t\t\t\t\t\t\t\t\t<p class=\"p1\">Alexander Maximilian Egger was born in Munich in 1976 and gained valuable experience abroad at Harvard University Cambridge in the United States before his studies. He also attended courses on personnel and corporate management as well as business start-ups. He then graduated from the Catholic University of Eichst\u00e4tt with a degree in business administration. His studies included a language course in France and an internship at Siemens in England.   <\/p><p>His professional career began with a number of positions at various Munich-based companies, including M\u00e4rz Fashion Group GmbH, Siemens and Allianz AG. During his time at university, he worked at the online car portal AutoScout24, where he ultimately rose to become Head of Product Management and Online Advertising. Since 2009, Alexander Egger and his partner Kathrin Wickenh\u00e4user have been managing the Hotel Cristal near Munich&#8217;s main railway station &#8211; as well as the Hotel Dolomit, the 1912 Restaurant &amp; Bar and the CarPark Cristal.  <\/p><p>Alexander Egger also shows strong social commitment, for example as a commercial judge. He is also a volunteer bone marrow courier for DKMS Germany and DKMS Americas. For many years, Alexander Egger was a member of the advisory board of the Albert Einstein High School, which he himself attended before becoming a student. In addition, he was a member of the investment committee of the Future Stock Investment share club for around 13 years and worked in university marketing during his time at the university.<br>The Wickenh\u00e4user-Egger family&#8217;s home is on Schwanthalerh\u00f6he, where they live with their son Ludwig.   <\/p>\t\t\t\t\t\t\t\t<\/div>\n\t\t\t\t<\/div>\n\t\t\t\t<div class=\"elementor-element elementor-element-7cad53d5 link elementor-widget elementor-widget-text-editor\" data-id=\"7cad53d5\" data-element_type=\"widget\" data-e-type=\"widget\" data-widget_type=\"text-editor.default\">\n\t\t\t\t<div class=\"elementor-widget-container\">\n\t\t\t\t\t\t\t\t\t<p>M\u00fcnchner Stubn<br>Bayerstra\u00dfe 35-37, 80335 Munich<br>Tel. <a href=\"tel:+4989551113330\">+49 89 \/ 55 11 13 330 <\/a>, <a href=\"mailto:servus@muenchner-stubn.de\">servus@muenchner-stubn.de,<\/a> <a href=\"http:\/\/www.muenchner-stubn.de\/\" target=\"_blank\" rel=\"noopener\">www.muenchner-stubn.de<\/a><\/p>\t\t\t\t\t\t\t\t<\/div>\n\t\t\t\t<\/div>\n\t\t\t\t\t<\/div>\n\t\t<\/div>\n\t\t\t\t\t<\/div>\n\t\t<\/section>\n\t\t\t\t<\/div>\n\t\t","protected":false},"excerpt":{"rendered":"<p>Life, in good Bavarian So that you know who you&#8217;re dealing with, we&#8217;d like to say &#8220;Gr\u00fc\u00df Gott &amp; Hallo&#8221;: We are Kathrin Wickenh\u00e4user-Egger and Alexander Egger &#8211; two real M\u00fcnchner Kindl, whose hearts have always beaten for the small and big charms of our unique city. With the M\u00fcnchner Stubn, we have realized a [&hellip;]<\/p>\n","protected":false},"author":1,"featured_media":0,"parent":315,"menu_order":0,"comment_status":"closed","ping_status":"closed","template":"elementor_header_footer","meta":{"footnotes":""},"class_list":["post-353","page","type-page","status-publish","hentry"],"_links":{"self":[{"href":"https:\/\/muenchner-stubn.de\/en\/wp-json\/wp\/v2\/pages\/353","targetHints":{"allow":["GET"]}}],"collection":[{"href":"https:\/\/muenchner-stubn.de\/en\/wp-json\/wp\/v2\/pages"}],"about":[{"href":"https:\/\/muenchner-stubn.de\/en\/wp-json\/wp\/v2\/types\/page"}],"author":[{"embeddable":true,"href":"https:\/\/muenchner-stubn.de\/en\/wp-json\/wp\/v2\/users\/1"}],"replies":[{"embeddable":true,"href":"https:\/\/muenchner-stubn.de\/en\/wp-json\/wp\/v2\/comments?post=353"}],"version-history":[{"count":1,"href":"https:\/\/muenchner-stubn.de\/en\/wp-json\/wp\/v2\/pages\/353\/revisions"}],"predecessor-version":[{"id":354,"href":"https:\/\/muenchner-stubn.de\/en\/wp-json\/wp\/v2\/pages\/353\/revisions\/354"}],"up":[{"embeddable":true,"href":"https:\/\/muenchner-stubn.de\/en\/wp-json\/wp\/v2\/pages\/315"}],"wp:attachment":[{"href":"https:\/\/muenchner-stubn.de\/en\/wp-json\/wp\/v2\/media?parent=353"}],"curies":[{"name":"wp","href":"https:\/\/api.w.org\/{rel}","templated":true}]}}