{"id":339,"date":"2025-09-05T13:51:59","date_gmt":"2025-09-05T11:51:59","guid":{"rendered":"https:\/\/muenchner-stubn.de\/impressions\/"},"modified":"2025-09-05T17:02:58","modified_gmt":"2025-09-05T15:02:58","slug":"impressions","status":"publish","type":"page","link":"https:\/\/muenchner-stubn.de\/en\/impressions\/","title":{"rendered":"Impressions"},"content":{"rendered":"\t\t<div data-elementor-type=\"wp-page\" data-elementor-id=\"339\" class=\"elementor elementor-339 elementor-76\" data-elementor-post-type=\"page\">\n\t\t\t\t\t\t<section class=\"elementor-section elementor-top-section elementor-element elementor-element-775588fd elementor-section-boxed elementor-section-height-default elementor-section-height-default elementor-invisible\" data-id=\"775588fd\" data-element_type=\"section\" data-e-type=\"section\" data-settings=\"{&quot;animation&quot;:&quot;fadeIn&quot;}\">\n\t\t\t\t\t\t<div class=\"elementor-container elementor-column-gap-default\">\n\t\t\t\t\t<div class=\"elementor-column elementor-col-100 elementor-top-column elementor-element elementor-element-4070b03e\" data-id=\"4070b03e\" data-element_type=\"column\" data-e-type=\"column\">\n\t\t\t<div class=\"elementor-widget-wrap elementor-element-populated\">\n\t\t\t\t\t\t<div class=\"elementor-element elementor-element-2d2457d8 elementor-widget elementor-widget-image\" data-id=\"2d2457d8\" data-element_type=\"widget\" data-e-type=\"widget\" data-widget_type=\"image.default\">\n\t\t\t\t<div class=\"elementor-widget-container\">\n\t\t\t\t\t\t\t\t\t\t\t\t\t\t\t<img decoding=\"async\" width=\"543\" height=\"16\" src=\"https:\/\/muenchner-stubn.de\/wp-content\/uploads\/2025\/09\/Trenner.svg\" class=\"attachment-full size-full wp-image-264\" alt=\"\" \/>\t\t\t\t\t\t\t\t\t\t\t\t\t\t\t<\/div>\n\t\t\t\t<\/div>\n\t\t\t\t<div class=\"elementor-element elementor-element-d0fd5 elementor-invisible elementor-widget elementor-widget-heading\" data-id=\"d0fd5\" data-element_type=\"widget\" data-e-type=\"widget\" data-settings=\"{&quot;_animation&quot;:&quot;fadeIn&quot;}\" data-widget_type=\"heading.default\">\n\t\t\t\t<div class=\"elementor-widget-container\">\n\t\t\t\t\t<h1 class=\"elementor-heading-title elementor-size-default\">Impressions of the <br>M\u00fcnchner Stubn<\/h1>\t\t\t\t<\/div>\n\t\t\t\t<\/div>\n\t\t\t\t<div class=\"elementor-element elementor-element-58dba011 elementor-invisible elementor-widget elementor-widget-heading\" data-id=\"58dba011\" data-element_type=\"widget\" data-e-type=\"widget\" data-settings=\"{&quot;_animation&quot;:&quot;fadeIn&quot;}\" data-widget_type=\"heading.default\">\n\t\t\t\t<div class=\"elementor-widget-container\">\n\t\t\t\t\t<h2 class=\"elementor-heading-title elementor-size-default\">3D tour through our restaurant<\/h2>\t\t\t\t<\/div>\n\t\t\t\t<\/div>\n\t\t\t\t<div class=\"elementor-element elementor-element-40e5a40d elementor-widget elementor-widget-html\" data-id=\"40e5a40d\" data-element_type=\"widget\" data-e-type=\"widget\" data-widget_type=\"html.default\">\n\t\t\t\t<div class=\"elementor-widget-container\">\n\t\t\t\t\t<div class=\"mainboxes\">\n<iframe src=\"https:\/\/www.google.com\/maps\/embed?pb=!1m0!3m2!1sde!2sus!4v1447925961840!6m8!1m7!1sCIp1rG-PVx0AAAQzq0hHCQ!2m2!1d48.13894985068752!2d11.55932619226212!3f208.22825510470295!4f-8.337504496194498!5f0.7820865974627469\" width=\"800\" height=\"600\" frameborder=\"0\" style=\"border:0\" allowfullscreen=\"\"><\/iframe>\n<\/div>\t\t\t\t<\/div>\n\t\t\t\t<\/div>\n\t\t\t\t<div class=\"elementor-element elementor-element-10aea73b elementor-invisible elementor-widget elementor-widget-heading\" data-id=\"10aea73b\" data-element_type=\"widget\" data-e-type=\"widget\" data-settings=\"{&quot;_animation&quot;:&quot;fadeIn&quot;}\" data-widget_type=\"heading.default\">\n\t\t\t\t<div class=\"elementor-widget-container\">\n\t\t\t\t\t<h2 class=\"elementor-heading-title elementor-size-default\">Video impressions<\/h2>\t\t\t\t<\/div>\n\t\t\t\t<\/div>\n\t\t\t\t<div class=\"elementor-element elementor-element-629eff57 elementor-widget elementor-widget-video\" data-id=\"629eff57\" data-element_type=\"widget\" data-e-type=\"widget\" data-settings=\"{&quot;youtube_url&quot;:&quot;https:\\\/\\\/youtu.be\\\/eeJImQ_-KaQ&quot;,&quot;video_type&quot;:&quot;youtube&quot;,&quot;controls&quot;:&quot;yes&quot;}\" data-widget_type=\"video.default\">\n\t\t\t\t<div class=\"elementor-widget-container\">\n\t\t\t\t\t\t\t<div class=\"elementor-wrapper elementor-open-inline\">\n\t\t\t<div class=\"elementor-video\"><\/div>\t\t<\/div>\n\t\t\t\t\t\t<\/div>\n\t\t\t\t<\/div>\n\t\t\t\t<div class=\"elementor-element elementor-element-114878a2 elementor-invisible elementor-widget elementor-widget-heading\" data-id=\"114878a2\" data-element_type=\"widget\" data-e-type=\"widget\" data-settings=\"{&quot;_animation&quot;:&quot;fadeIn&quot;}\" data-widget_type=\"heading.default\">\n\t\t\t\t<div class=\"elementor-widget-container\">\n\t\t\t\t\t<h2 class=\"elementor-heading-title elementor-size-default\">Picture gallery<\/h2>\t\t\t\t<\/div>\n\t\t\t\t<\/div>\n\t\t\t\t<div class=\"elementor-element elementor-element-12122981 gallery-spacing-custom elementor-widget elementor-widget-image-gallery\" data-id=\"12122981\" data-element_type=\"widget\" data-e-type=\"widget\" data-widget_type=\"image-gallery.default\">\n\t\t\t\t<div class=\"elementor-widget-container\">\n\t\t\t\t\t\t\t<div class=\"elementor-image-gallery\">\n\t\t\t<div id='gallery-1' class='gallery galleryid-339 gallery-columns-2 gallery-size-large'><figure class='gallery-item'>\n\t\t\t<div class='gallery-icon landscape'>\n\t\t\t\t<a data-elementor-open-lightbox=\"yes\" data-elementor-lightbox-slideshow=\"12122981\" data-elementor-lightbox-title=\"Muenchner-Stubn-Gallery-1.jpg\" data-e-action-hash=\"#elementor-action%3Aaction%3Dlightbox%26settings%3DeyJpZCI6MjcyLCJ1cmwiOiJodHRwczpcL1wvbXVlbmNobmVyLXN0dWJuLmRlXC93cC1jb250ZW50XC91cGxvYWRzXC8yMDI1XC8wOVwvTXVlbmNobmVyLVN0dWJuLUdhbGVyaWUtMS5qcGciLCJzbGlkZXNob3ciOiIxMjEyMjk4MSJ9\" href='https:\/\/muenchner-stubn.de\/wp-content\/uploads\/2025\/09\/Muenchner-Stubn-Galerie-1.jpg'><img fetchpriority=\"high\" decoding=\"async\" width=\"800\" height=\"503\" src=\"https:\/\/muenchner-stubn.de\/wp-content\/uploads\/2025\/09\/Muenchner-Stubn-Galerie-1.jpg\" class=\"attachment-large size-large\" alt=\"\" srcset=\"https:\/\/muenchner-stubn.de\/wp-content\/uploads\/2025\/09\/Muenchner-Stubn-Galerie-1.jpg 850w, https:\/\/muenchner-stubn.de\/wp-content\/uploads\/2025\/09\/Muenchner-Stubn-Galerie-1-300x188.jpg 300w, https:\/\/muenchner-stubn.de\/wp-content\/uploads\/2025\/09\/Muenchner-Stubn-Galerie-1-768x482.jpg 768w\" sizes=\"(max-width: 800px) 100vw, 800px\" \/><\/a>\n\t\t\t<\/div><\/figure><figure class='gallery-item'>\n\t\t\t<div class='gallery-icon landscape'>\n\t\t\t\t<a data-elementor-open-lightbox=\"yes\" data-elementor-lightbox-slideshow=\"12122981\" data-elementor-lightbox-title=\"Muenchner-Stubn-Gallery-2.jpg\" data-e-action-hash=\"#elementor-action%3Aaction%3Dlightbox%26settings%3DeyJpZCI6MjczLCJ1cmwiOiJodHRwczpcL1wvbXVlbmNobmVyLXN0dWJuLmRlXC93cC1jb250ZW50XC91cGxvYWRzXC8yMDI1XC8wOVwvTXVlbmNobmVyLVN0dWJuLUdhbGVyaWUtMi5qcGciLCJzbGlkZXNob3ciOiIxMjEyMjk4MSJ9\" href='https:\/\/muenchner-stubn.de\/wp-content\/uploads\/2025\/09\/Muenchner-Stubn-Galerie-2.jpg'><img decoding=\"async\" width=\"800\" height=\"503\" src=\"https:\/\/muenchner-stubn.de\/wp-content\/uploads\/2025\/09\/Muenchner-Stubn-Galerie-2.jpg\" class=\"attachment-large size-large\" alt=\"\" srcset=\"https:\/\/muenchner-stubn.de\/wp-content\/uploads\/2025\/09\/Muenchner-Stubn-Galerie-2.jpg 850w, https:\/\/muenchner-stubn.de\/wp-content\/uploads\/2025\/09\/Muenchner-Stubn-Galerie-2-300x188.jpg 300w, https:\/\/muenchner-stubn.de\/wp-content\/uploads\/2025\/09\/Muenchner-Stubn-Galerie-2-768x482.jpg 768w\" sizes=\"(max-width: 800px) 100vw, 800px\" \/><\/a>\n\t\t\t<\/div><\/figure><figure class='gallery-item'>\n\t\t\t<div class='gallery-icon landscape'>\n\t\t\t\t<a data-elementor-open-lightbox=\"yes\" data-elementor-lightbox-slideshow=\"12122981\" data-elementor-lightbox-title=\"Muenchner-Stubn-Gastraum-2.jpg\" data-e-action-hash=\"#elementor-action%3Aaction%3Dlightbox%26settings%3DeyJpZCI6Mjc0LCJ1cmwiOiJodHRwczpcL1wvbXVlbmNobmVyLXN0dWJuLmRlXC93cC1jb250ZW50XC91cGxvYWRzXC8yMDI1XC8wOVwvTXVlbmNobmVyLVN0dWJuLUdhc3RyYXVtLTIuanBnIiwic2xpZGVzaG93IjoiMTIxMjI5ODEifQ%3D%3D\" href='https:\/\/muenchner-stubn.de\/wp-content\/uploads\/2025\/09\/Muenchner-Stubn-Gastraum-2.jpg'><img loading=\"lazy\" decoding=\"async\" width=\"800\" height=\"503\" src=\"https:\/\/muenchner-stubn.de\/wp-content\/uploads\/2025\/09\/Muenchner-Stubn-Gastraum-2.jpg\" class=\"attachment-large size-large\" alt=\"\" srcset=\"https:\/\/muenchner-stubn.de\/wp-content\/uploads\/2025\/09\/Muenchner-Stubn-Gastraum-2.jpg 850w, https:\/\/muenchner-stubn.de\/wp-content\/uploads\/2025\/09\/Muenchner-Stubn-Gastraum-2-300x188.jpg 300w, https:\/\/muenchner-stubn.de\/wp-content\/uploads\/2025\/09\/Muenchner-Stubn-Gastraum-2-768x482.jpg 768w\" sizes=\"(max-width: 800px) 100vw, 800px\" \/><\/a>\n\t\t\t<\/div><\/figure><figure class='gallery-item'>\n\t\t\t<div class='gallery-icon landscape'>\n\t\t\t\t<a data-elementor-open-lightbox=\"yes\" data-elementor-lightbox-slideshow=\"12122981\" data-elementor-lightbox-title=\"Muenchner-Stubn-Gastraum-3.jpg\" data-e-action-hash=\"#elementor-action%3Aaction%3Dlightbox%26settings%3DeyJpZCI6Mjc1LCJ1cmwiOiJodHRwczpcL1wvbXVlbmNobmVyLXN0dWJuLmRlXC93cC1jb250ZW50XC91cGxvYWRzXC8yMDI1XC8wOVwvTXVlbmNobmVyLVN0dWJuLUdhc3RyYXVtLTMuanBnIiwic2xpZGVzaG93IjoiMTIxMjI5ODEifQ%3D%3D\" href='https:\/\/muenchner-stubn.de\/wp-content\/uploads\/2025\/09\/Muenchner-Stubn-Gastraum-3.jpg'><img loading=\"lazy\" decoding=\"async\" width=\"800\" height=\"503\" src=\"https:\/\/muenchner-stubn.de\/wp-content\/uploads\/2025\/09\/Muenchner-Stubn-Gastraum-3.jpg\" class=\"attachment-large size-large\" alt=\"\" srcset=\"https:\/\/muenchner-stubn.de\/wp-content\/uploads\/2025\/09\/Muenchner-Stubn-Gastraum-3.jpg 850w, https:\/\/muenchner-stubn.de\/wp-content\/uploads\/2025\/09\/Muenchner-Stubn-Gastraum-3-300x188.jpg 300w, https:\/\/muenchner-stubn.de\/wp-content\/uploads\/2025\/09\/Muenchner-Stubn-Gastraum-3-768x482.jpg 768w\" sizes=\"(max-width: 800px) 100vw, 800px\" \/><\/a>\n\t\t\t<\/div><\/figure>\n\t\t<\/div>\n\t\t<\/div>\n\t\t\t\t\t\t<\/div>\n\t\t\t\t<\/div>\n\t\t\t\t<div class=\"elementor-element elementor-element-6c98c464 link elementor-widget elementor-widget-text-editor\" data-id=\"6c98c464\" data-element_type=\"widget\" data-e-type=\"widget\" data-widget_type=\"text-editor.default\">\n\t\t\t\t<div class=\"elementor-widget-container\">\n\t\t\t\t\t\t\t\t\t<p>M\u00fcnchner Stubn<br>Bayerstra\u00dfe 35-37, 80335 Munich<br>Tel. <a href=\"tel:+4989551113330\">+49 89 \/ 55 11 13 330 <\/a>, <a href=\"mailto:servus@muenchner-stubn.de\">servus@muenchner-stubn.de,<\/a> <a href=\"http:\/\/www.muenchner-stubn.de\/\" target=\"_blank\" rel=\"noopener\">www.muenchner-stubn.de<\/a><\/p>\t\t\t\t\t\t\t\t<\/div>\n\t\t\t\t<\/div>\n\t\t\t\t\t<\/div>\n\t\t<\/div>\n\t\t\t\t\t<\/div>\n\t\t<\/section>\n\t\t\t\t<\/div>\n\t\t","protected":false},"excerpt":{"rendered":"<p>Impressions of the M\u00fcnchner Stubn 3D tour through our restaurant Video impressions Picture gallery M\u00fcnchner StubnBayerstra\u00dfe 35-37, 80335 MunichTel. +49 89 \/ 55 11 13 330 , servus@muenchner-stubn.de, www.muenchner-stubn.de<\/p>\n","protected":false},"author":1,"featured_media":0,"parent":0,"menu_order":0,"comment_status":"closed","ping_status":"closed","template":"elementor_header_footer","meta":{"footnotes":""},"class_list":["post-339","page","type-page","status-publish","hentry"],"_links":{"self":[{"href":"https:\/\/muenchner-stubn.de\/en\/wp-json\/wp\/v2\/pages\/339","targetHints":{"allow":["GET"]}}],"collection":[{"href":"https:\/\/muenchner-stubn.de\/en\/wp-json\/wp\/v2\/pages"}],"about":[{"href":"https:\/\/muenchner-stubn.de\/en\/wp-json\/wp\/v2\/types\/page"}],"author":[{"embeddable":true,"href":"https:\/\/muenchner-stubn.de\/en\/wp-json\/wp\/v2\/users\/1"}],"replies":[{"embeddable":true,"href":"https:\/\/muenchner-stubn.de\/en\/wp-json\/wp\/v2\/comments?post=339"}],"version-history":[{"count":1,"href":"https:\/\/muenchner-stubn.de\/en\/wp-json\/wp\/v2\/pages\/339\/revisions"}],"predecessor-version":[{"id":341,"href":"https:\/\/muenchner-stubn.de\/en\/wp-json\/wp\/v2\/pages\/339\/revisions\/341"}],"wp:attachment":[{"href":"https:\/\/muenchner-stubn.de\/en\/wp-json\/wp\/v2\/media?parent=339"}],"curies":[{"name":"wp","href":"https:\/\/api.w.org\/{rel}","templated":true}]}}