{"id":329,"date":"2025-09-05T13:52:02","date_gmt":"2025-09-05T11:52:02","guid":{"rendered":"https:\/\/muenchner-stubn.de\/media\/"},"modified":"2025-09-05T17:33:24","modified_gmt":"2025-09-05T15:33:24","slug":"media","status":"publish","type":"page","link":"https:\/\/muenchner-stubn.de\/en\/tavern\/media\/","title":{"rendered":"Media"},"content":{"rendered":"\t\t<div data-elementor-type=\"wp-page\" data-elementor-id=\"329\" class=\"elementor elementor-329 elementor-115\" data-elementor-post-type=\"page\">\n\t\t\t\t\t\t<section class=\"elementor-section elementor-top-section elementor-element elementor-element-4a23b244 elementor-section-boxed elementor-section-height-default elementor-section-height-default\" data-id=\"4a23b244\" data-element_type=\"section\" data-e-type=\"section\">\n\t\t\t\t\t\t<div class=\"elementor-container elementor-column-gap-default\">\n\t\t\t\t\t<div class=\"elementor-column elementor-col-100 elementor-top-column elementor-element elementor-element-4e0c00c\" data-id=\"4e0c00c\" data-element_type=\"column\" data-e-type=\"column\">\n\t\t\t<div class=\"elementor-widget-wrap elementor-element-populated\">\n\t\t\t\t\t\t<div class=\"elementor-element elementor-element-316d6b11 elementor-widget elementor-widget-image\" data-id=\"316d6b11\" data-element_type=\"widget\" data-e-type=\"widget\" data-widget_type=\"image.default\">\n\t\t\t\t<div class=\"elementor-widget-container\">\n\t\t\t\t\t\t\t\t\t\t\t\t\t\t\t<img decoding=\"async\" width=\"543\" height=\"16\" src=\"https:\/\/muenchner-stubn.de\/wp-content\/uploads\/2025\/09\/Trenner.svg\" class=\"attachment-full size-full wp-image-264\" alt=\"\" \/>\t\t\t\t\t\t\t\t\t\t\t\t\t\t\t<\/div>\n\t\t\t\t<\/div>\n\t\t\t\t<div class=\"elementor-element elementor-element-1202f092 elementor-widget elementor-widget-heading\" data-id=\"1202f092\" data-element_type=\"widget\" data-e-type=\"widget\" data-widget_type=\"heading.default\">\n\t\t\t\t<div class=\"elementor-widget-container\">\n\t\t\t\t\t<h2 class=\"elementor-heading-title elementor-size-default\">In the media<\/h2>\t\t\t\t<\/div>\n\t\t\t\t<\/div>\n\t\t\t\t<div class=\"elementor-element elementor-element-6b14f333 link elementor-widget elementor-widget-text-editor\" data-id=\"6b14f333\" data-element_type=\"widget\" data-e-type=\"widget\" data-widget_type=\"text-editor.default\">\n\t\t\t\t<div class=\"elementor-widget-container\">\n\t\t\t\t\t\t\t\t\t<p><a href=\"http:\/\/www.radiogong.de\/programm\/insider-tipp\/deutsch-und-bayrisch\/der-gong-963-insider-tipp-muenchner-stubn\" target=\"_blank\" rel=\"noopener\">25.09.2015, Radio Gong: New pub with Paulaner beer from the wooden barrel<\/a><br><a href=\"https:\/\/www.muenchen.tv\/mediathek\/video\/szene-muenchen-die-muenchner-stubn\/\" target=\"_blank\" rel=\"noopener\">15.09.2015. muenchen.tv: Shop window Munich, M\u00fcnchner Stubn<\/a><br><a href=\"http:\/\/www.tz.de\/muenchen\/gastronomie\/wirtshaus-muenchner-stubn-eroeffnet-hauptbahnhof-5516567.html\" target=\"_blank\" rel=\"noopener\">10.09.2015, tz Munich: Wirtshaus am Hauptbahnhof: Into the good room<\/a><br><a href=\"http:\/\/www.abendzeitung-muenchen.de\/inhalt.muenchner-stubn-am-hbf-oeffnet-die-neue-bahnhofswirtschaft.c71b3387-506a-4655-9ae6-1ee0a3e20038.html\" target=\"_blank\" rel=\"noopener\">07.09.2015, Abendzeitung M\u00fcnchen: The new station economy<\/a><\/p>\t\t\t\t\t\t\t\t<\/div>\n\t\t\t\t<\/div>\n\t\t\t\t<div class=\"elementor-element elementor-element-1a6650e9 link elementor-widget elementor-widget-text-editor\" data-id=\"1a6650e9\" data-element_type=\"widget\" data-e-type=\"widget\" data-widget_type=\"text-editor.default\">\n\t\t\t\t<div class=\"elementor-widget-container\">\n\t\t\t\t\t\t\t\t\t<p>M\u00fcnchner Stubn<br>Bayerstra\u00dfe 35-37, 80335 Munich<br>Tel. <a href=\"tel:+4989551113330\">+49 89 \/ 55 11 13 330 <\/a>, <a href=\"mailto:servus@muenchner-stubn.de\">servus@muenchner-stubn.de,<\/a> <a href=\"http:\/\/www.muenchner-stubn.de\/\" target=\"_blank\" rel=\"noopener\">www.muenchner-stubn.de<\/a><\/p>\t\t\t\t\t\t\t\t<\/div>\n\t\t\t\t<\/div>\n\t\t\t\t\t<\/div>\n\t\t<\/div>\n\t\t\t\t\t<\/div>\n\t\t<\/section>\n\t\t\t\t<\/div>\n\t\t","protected":false},"excerpt":{"rendered":"<p>In the media 25.09.2015, Radio Gong: New pub with Paulaner beer from the wooden barrel15.09.2015. muenchen.tv: Shop window Munich, M\u00fcnchner Stubn10.09.2015, tz Munich: Wirtshaus am Hauptbahnhof: Into the good room07.09.2015, Abendzeitung M\u00fcnchen: The new station economy M\u00fcnchner StubnBayerstra\u00dfe 35-37, 80335 MunichTel. +49 89 \/ 55 11 13 330 , servus@muenchner-stubn.de, www.muenchner-stubn.de<\/p>\n","protected":false},"author":1,"featured_media":0,"parent":315,"menu_order":0,"comment_status":"closed","ping_status":"closed","template":"elementor_header_footer","meta":{"footnotes":""},"class_list":["post-329","page","type-page","status-publish","hentry"],"_links":{"self":[{"href":"https:\/\/muenchner-stubn.de\/en\/wp-json\/wp\/v2\/pages\/329","targetHints":{"allow":["GET"]}}],"collection":[{"href":"https:\/\/muenchner-stubn.de\/en\/wp-json\/wp\/v2\/pages"}],"about":[{"href":"https:\/\/muenchner-stubn.de\/en\/wp-json\/wp\/v2\/types\/page"}],"author":[{"embeddable":true,"href":"https:\/\/muenchner-stubn.de\/en\/wp-json\/wp\/v2\/users\/1"}],"replies":[{"embeddable":true,"href":"https:\/\/muenchner-stubn.de\/en\/wp-json\/wp\/v2\/comments?post=329"}],"version-history":[{"count":2,"href":"https:\/\/muenchner-stubn.de\/en\/wp-json\/wp\/v2\/pages\/329\/revisions"}],"predecessor-version":[{"id":387,"href":"https:\/\/muenchner-stubn.de\/en\/wp-json\/wp\/v2\/pages\/329\/revisions\/387"}],"up":[{"embeddable":true,"href":"https:\/\/muenchner-stubn.de\/en\/wp-json\/wp\/v2\/pages\/315"}],"wp:attachment":[{"href":"https:\/\/muenchner-stubn.de\/en\/wp-json\/wp\/v2\/media?parent=329"}],"curies":[{"name":"wp","href":"https:\/\/api.w.org\/{rel}","templated":true}]}}