{"id":297,"date":"2025-09-05T13:52:02","date_gmt":"2025-09-05T11:52:02","guid":{"rendered":"https:\/\/muenchner-stubn.de\/food-drinks\/italian-dishes\/"},"modified":"2025-10-17T13:57:18","modified_gmt":"2025-10-17T11:57:18","slug":"italian-dishes","status":"publish","type":"page","link":"https:\/\/muenchner-stubn.de\/en\/food-drinks\/italian-dishes\/","title":{"rendered":"Italian dishes"},"content":{"rendered":"\t\t<div data-elementor-type=\"wp-page\" data-elementor-id=\"297\" class=\"elementor elementor-297 elementor-101\" data-elementor-post-type=\"page\">\n\t\t\t\t\t\t<section class=\"elementor-section elementor-top-section elementor-element elementor-element-36bed1e6 elementor-section-boxed elementor-section-height-default elementor-section-height-default\" data-id=\"36bed1e6\" data-element_type=\"section\" data-e-type=\"section\">\n\t\t\t\t\t\t<div class=\"elementor-container elementor-column-gap-default\">\n\t\t\t\t\t<div class=\"elementor-column elementor-col-100 elementor-top-column elementor-element elementor-element-40a31909\" data-id=\"40a31909\" data-element_type=\"column\" data-e-type=\"column\">\n\t\t\t<div class=\"elementor-widget-wrap elementor-element-populated\">\n\t\t\t\t\t\t<div class=\"elementor-element elementor-element-41fa8364 elementor-widget elementor-widget-image\" data-id=\"41fa8364\" data-element_type=\"widget\" data-e-type=\"widget\" data-widget_type=\"image.default\">\n\t\t\t\t<div class=\"elementor-widget-container\">\n\t\t\t\t\t\t\t\t\t\t\t\t\t\t\t<img decoding=\"async\" width=\"543\" height=\"16\" src=\"https:\/\/muenchner-stubn.de\/wp-content\/uploads\/2025\/09\/Trenner.svg\" class=\"attachment-full size-full wp-image-264\" alt=\"\" \/>\t\t\t\t\t\t\t\t\t\t\t\t\t\t\t<\/div>\n\t\t\t\t<\/div>\n\t\t\t\t<div class=\"elementor-element elementor-element-9ab3390 elementor-widget elementor-widget-heading\" data-id=\"9ab3390\" data-element_type=\"widget\" data-e-type=\"widget\" data-widget_type=\"heading.default\">\n\t\t\t\t<div class=\"elementor-widget-container\">\n\t\t\t\t\t<h1 class=\"elementor-heading-title elementor-size-default\">Strada del Goethe in the <br>M\u00fcnchner Stubn<\/h1>\t\t\t\t<\/div>\n\t\t\t\t<\/div>\n\t\t\t\t<div class=\"elementor-element elementor-element-2416a518 link elementor-widget elementor-widget-text-editor\" data-id=\"2416a518\" data-element_type=\"widget\" data-e-type=\"widget\" data-widget_type=\"text-editor.default\">\n\t\t\t\t<div class=\"elementor-widget-container\">\n\t\t\t\t\t\t\t\t\t<p><a href=\"https:\/\/strada-del-goethe.de\/speisen-getraenke\/speisekarte\" target=\"_blank\" rel=\"noopener\"><span style=\"text-decoration: underline;\"><b>Click here for the menu!<\/b><\/span><\/a><\/p>\t\t\t\t\t\t\t\t<\/div>\n\t\t\t\t<\/div>\n\t\t\t\t<div class=\"elementor-element elementor-element-10072a7b elementor-widget elementor-widget-image\" data-id=\"10072a7b\" data-element_type=\"widget\" data-e-type=\"widget\" data-widget_type=\"image.default\">\n\t\t\t\t<div class=\"elementor-widget-container\">\n\t\t\t\t\t\t\t\t\t\t\t\t\t\t\t<img decoding=\"async\" width=\"543\" height=\"16\" src=\"https:\/\/muenchner-stubn.de\/wp-content\/uploads\/2025\/09\/Trenner.svg\" class=\"attachment-full size-full wp-image-264\" alt=\"\" \/>\t\t\t\t\t\t\t\t\t\t\t\t\t\t\t<\/div>\n\t\t\t\t<\/div>\n\t\t\t\t<div class=\"elementor-element elementor-element-1245acbb link elementor-widget elementor-widget-text-editor\" data-id=\"1245acbb\" data-element_type=\"widget\" data-e-type=\"widget\" data-widget_type=\"text-editor.default\">\n\t\t\t\t<div class=\"elementor-widget-container\">\n\t\t\t\t\t\t\t\t\t<p>M\u00fcnchner Stubn<br>Bayerstra\u00dfe 35-37, 80335 Munich<br>Tel. <a href=\"tel:+4989551113330\">+49 89 \/ 55 11 13 330 <\/a>, <a href=\"mailto:servus@muenchner-stubn.de\">servus@muenchner-stubn.de,<\/a> <a href=\"http:\/\/www.muenchner-stubn.de\/\" target=\"_blank\" rel=\"noopener\">www.muenchner-stubn.de<\/a><\/p>\t\t\t\t\t\t\t\t<\/div>\n\t\t\t\t<\/div>\n\t\t\t\t\t<\/div>\n\t\t<\/div>\n\t\t\t\t\t<\/div>\n\t\t<\/section>\n\t\t\t\t<\/div>\n\t\t","protected":false},"excerpt":{"rendered":"<p>Strada del Goethe in the M\u00fcnchner Stubn Click here for the menu! M\u00fcnchner StubnBayerstra\u00dfe 35-37, 80335 MunichTel. +49 89 \/ 55 11 13 330 , servus@muenchner-stubn.de, www.muenchner-stubn.de<\/p>\n","protected":false},"author":1,"featured_media":0,"parent":282,"menu_order":0,"comment_status":"closed","ping_status":"closed","template":"elementor_header_footer","meta":{"footnotes":""},"class_list":["post-297","page","type-page","status-publish","hentry"],"_links":{"self":[{"href":"https:\/\/muenchner-stubn.de\/en\/wp-json\/wp\/v2\/pages\/297","targetHints":{"allow":["GET"]}}],"collection":[{"href":"https:\/\/muenchner-stubn.de\/en\/wp-json\/wp\/v2\/pages"}],"about":[{"href":"https:\/\/muenchner-stubn.de\/en\/wp-json\/wp\/v2\/types\/page"}],"author":[{"embeddable":true,"href":"https:\/\/muenchner-stubn.de\/en\/wp-json\/wp\/v2\/users\/1"}],"replies":[{"embeddable":true,"href":"https:\/\/muenchner-stubn.de\/en\/wp-json\/wp\/v2\/comments?post=297"}],"version-history":[{"count":2,"href":"https:\/\/muenchner-stubn.de\/en\/wp-json\/wp\/v2\/pages\/297\/revisions"}],"predecessor-version":[{"id":702,"href":"https:\/\/muenchner-stubn.de\/en\/wp-json\/wp\/v2\/pages\/297\/revisions\/702"}],"up":[{"embeddable":true,"href":"https:\/\/muenchner-stubn.de\/en\/wp-json\/wp\/v2\/pages\/282"}],"wp:attachment":[{"href":"https:\/\/muenchner-stubn.de\/en\/wp-json\/wp\/v2\/media?parent=297"}],"curies":[{"name":"wp","href":"https:\/\/api.w.org\/{rel}","templated":true}]}}